{"id":334,"date":"2018-09-08T07:57:16","date_gmt":"2018-09-08T07:57:16","guid":{"rendered":"http:\/\/fabis-dancers.ro\/blog\/?page_id=334"},"modified":"2023-08-21T22:01:43","modified_gmt":"2023-08-21T22:01:43","slug":"contact","status":"publish","type":"page","link":"http:\/\/fabis-dancers.ro\/blog\/contact\/","title":{"rendered":"Contact"},"content":{"rendered":"<p><em>Pagina de contact<\/em><\/p>\n<p><strong>Manager Prof. Coregraf, Fabiola Doicil\u0103<\/strong><\/p>\n<p><strong>Cursuri \u201dFabis Dancers\u201d\u00a0<\/strong><br \/>\n<strong> Tel.:\u00a0<\/strong><strong>0731 812 132 &#8211; V\u0103lenii de Munte \/ 0723 274 923 &#8211; Ploie\u0219ti<\/strong><\/p>\n<p><strong>Canto muzic\u0103 u\u0219oar\u0103-jazz<br \/>\nTel.: 0722 631 206 &#8211; Ploie\u0219ti\u00a0 \/ <\/strong><strong>0726443078 &#8211; V\u0103lenii de\u00a0 Munte<\/strong><\/p>\n<p><strong>Canto popular<br \/>\nTel.: 0723 274 923 &#8211; Ploie\u0219ti\u00a0<\/strong><\/p>\n<p><strong>Arta Actorului<br \/>\nTel.: 0723 274 923 \/ 0733 628 277 &#8211; Ploie\u0219ti\u00a0<\/strong><\/p>\n<p><strong>Gimnastic\u0103 Ritmic\u0103<br \/>\n<\/strong><strong>Tel.: 0773 348 619 &#8211; Ploie\u0219ti \u0219i V\u0103lenii de Munte<\/strong><\/p>\n<p><strong>Studio de Creator (Pictur\u0103 &#8211; Desen)<br \/>\n<\/strong><strong>Tel.: 0721 193 632 &#8211; Ploie\u0219ti\u00a0<\/strong><\/p>\n<p><strong>\u0218ah<br \/>\n<\/strong><strong>Tel.: 0731 812 132 &#8211;\u00a0 V\u0103lenii de Munte<\/strong><\/p>\n<p><strong> e-mail:\u00a0 fabisartschool@gmail.com sau\u00a0<\/strong><strong>fabis_dancers@yahoo.com<\/strong><br \/>\n<strong> <a href=\"http:\/\/fabis-dancers.ro\/\">www.fabis-dancers.ro<\/a><\/strong><\/p>\n<p><em>\u201d Dansul este cea mai elevat\u0103, cea mai emo\u0163ionant\u0103, cea mai frumoas\u0103 dintre arte, pentru c\u0103 nu este doar translatare sau abstractizare din via\u0163\u0103; este chiar via\u0163\u0103.\u201d<\/em><br \/>\nHavelock Ellis<\/p>\n<p><em>\u201d Muzica este literatura inimii; ea \u00eencepe acolo unde se sf\u00e2r\u015fe\u015fte vorbirea. \u201d<\/em><br \/>\nLamartine<\/p>\n<p><em>\u201d Teatrul, locul unde totul este posibil si nimic nu este gresit. \u201d<\/em><\/p>\n<p>\u201d Artistul trebuie s\u0103 aib\u0103 uneltele nu \u00een m\u00e2ini, ci \u00een ochi.\u201d \u2013 Michelangelo<\/p>\n<div role=\"form\" class=\"wpcf7\" id=\"wpcf7-f351-o1\" lang=\"ro-RO\" dir=\"ltr\">\n<div class=\"screen-reader-response\"><\/div>\n<form action=\"\/blog\/wp-json\/wp\/v2\/pages\/334#wpcf7-f351-o1\" method=\"post\" class=\"wpcf7-form\" novalidate=\"novalidate\">\n<div style=\"display: none;\">\n<input type=\"hidden\" name=\"_wpcf7\" value=\"351\" \/>\n<input type=\"hidden\" name=\"_wpcf7_version\" value=\"5.1.5\" \/>\n<input type=\"hidden\" name=\"_wpcf7_locale\" value=\"ro_RO\" \/>\n<input type=\"hidden\" name=\"_wpcf7_unit_tag\" value=\"wpcf7-f351-o1\" \/>\n<input type=\"hidden\" name=\"_wpcf7_container_post\" value=\"0\" \/>\n<\/div>\n<p><label> Numele t\u0103u (obligatoriu)<br \/>\n    <span class=\"wpcf7-form-control-wrap your-name\"><input type=\"text\" name=\"your-name\" value=\"\" size=\"40\" class=\"wpcf7-form-control wpcf7-text wpcf7-validates-as-required\" aria-required=\"true\" aria-invalid=\"false\" \/><\/span> <\/label><\/p>\n<p><label> Emailul t\u0103u (obligatoriu)<br \/>\n    <span class=\"wpcf7-form-control-wrap your-email\"><input type=\"email\" name=\"your-email\" value=\"\" size=\"40\" class=\"wpcf7-form-control wpcf7-text wpcf7-email wpcf7-validates-as-required wpcf7-validates-as-email\" aria-required=\"true\" aria-invalid=\"false\" \/><\/span> <\/label><\/p>\n<p><label> Telefonul tau (obligatoriu)<br \/>\n    <span class=\"wpcf7-form-control-wrap Telefon\"><input type=\"tel\" name=\"Telefon\" value=\"\" size=\"40\" class=\"wpcf7-form-control wpcf7-text wpcf7-tel wpcf7-validates-as-required wpcf7-validates-as-tel\" aria-required=\"true\" aria-invalid=\"false\" \/><\/span> <\/label><\/p>\n<p><label> Subiect<br \/>\n    <span class=\"wpcf7-form-control-wrap your-subject\"><input type=\"text\" name=\"your-subject\" value=\"\" size=\"40\" class=\"wpcf7-form-control wpcf7-text\" aria-invalid=\"false\" \/><\/span> <\/label><\/p>\n<p><label> Mesajul t\u0103u<br \/>\n    <span class=\"wpcf7-form-control-wrap your-message\"><textarea name=\"your-message\" cols=\"40\" rows=\"10\" class=\"wpcf7-form-control wpcf7-textarea\" aria-invalid=\"false\"><\/textarea><\/span> <\/label><\/p>\n<p><input type=\"submit\" value=\"Trimite\" class=\"wpcf7-form-control wpcf7-submit\" \/><\/p>\n<p style=\"display: none !important;\" class=\"akismet-fields-container\" data-prefix=\"_wpcf7_ak_\"><label>&#916;<textarea name=\"_wpcf7_ak_hp_textarea\" cols=\"45\" rows=\"8\" maxlength=\"100\"><\/textarea><\/label><input type=\"hidden\" id=\"ak_js_1\" name=\"_wpcf7_ak_js\" value=\"7\"\/><script>\ndocument.getElementById( \"ak_js_1\" ).setAttribute( \"value\", ( new Date() ).getTime() );\n<\/script>\n<\/p><div class=\"wpcf7-response-output wpcf7-display-none\"><\/div><\/form><\/div>\n","protected":false},"excerpt":{"rendered":"<p>Pagina de contact Manager Prof. Coregraf, Fabiola Doicil\u0103 Cursuri \u201dFabis Dancers\u201d\u00a0 Tel.:\u00a00731 812 132 &#8211; V\u0103lenii de Munte \/ 0723 274 923 &#8211; Ploie\u0219ti Canto muzic\u0103 u\u0219oar\u0103-jazz Tel.: 0722 631 206 &#8211; Ploie\u0219ti\u00a0 \/ 0726443078 &#8211; V\u0103lenii de\u00a0 Munte Canto popular Tel.: 0723 274 923 &#8211; Ploie\u0219ti\u00a0 Arta Actorului Tel.: 0723 274 923 \/ 0733 [&hellip;]<\/p>\n","protected":false},"author":3,"featured_media":0,"parent":0,"menu_order":0,"comment_status":"closed","ping_status":"closed","template":"","meta":{"jetpack_post_was_ever_published":false,"footnotes":""},"class_list":["post-334","page","type-page","status-publish","hentry"],"jetpack_sharing_enabled":true,"jetpack_shortlink":"https:\/\/wp.me\/PaflDo-5o","_links":{"self":[{"href":"http:\/\/fabis-dancers.ro\/blog\/wp-json\/wp\/v2\/pages\/334","targetHints":{"allow":["GET"]}}],"collection":[{"href":"http:\/\/fabis-dancers.ro\/blog\/wp-json\/wp\/v2\/pages"}],"about":[{"href":"http:\/\/fabis-dancers.ro\/blog\/wp-json\/wp\/v2\/types\/page"}],"author":[{"embeddable":true,"href":"http:\/\/fabis-dancers.ro\/blog\/wp-json\/wp\/v2\/users\/3"}],"replies":[{"embeddable":true,"href":"http:\/\/fabis-dancers.ro\/blog\/wp-json\/wp\/v2\/comments?post=334"}],"version-history":[{"count":9,"href":"http:\/\/fabis-dancers.ro\/blog\/wp-json\/wp\/v2\/pages\/334\/revisions"}],"predecessor-version":[{"id":532,"href":"http:\/\/fabis-dancers.ro\/blog\/wp-json\/wp\/v2\/pages\/334\/revisions\/532"}],"wp:attachment":[{"href":"http:\/\/fabis-dancers.ro\/blog\/wp-json\/wp\/v2\/media?parent=334"}],"curies":[{"name":"wp","href":"https:\/\/api.w.org\/{rel}","templated":true}]}}